{"id":1566,"date":"2025-07-20T14:20:21","date_gmt":"2025-07-20T11:20:21","guid":{"rendered":"https:\/\/sedefatik.com\/?page_id=1566"},"modified":"2025-07-21T07:43:31","modified_gmt":"2025-07-21T04:43:31","slug":"hakkinda","status":"publish","type":"page","link":"https:\/\/sedefatik.com\/index.php\/hakkinda\/","title":{"rendered":"Hakk\u0131nda"},"content":{"rendered":"<div data-colibri-id=\"1566-c1\" class=\"style-687 style-local-1566-c1 position-relative\">\n  <!---->\n  <div data-colibri-component=\"section\" data-colibri-id=\"1566-c2\" id=\"initial-content\" class=\"h-section h-section-global-spacing d-flex align-items-lg-center align-items-md-center align-items-center style-688 style-local-1566-c2 position-relative\">\n    <!---->\n    <!---->\n    <div class=\"h-section-grid-container h-section-boxed-container\">\n      <!---->\n      <div data-colibri-id=\"1566-c3\" class=\"h-row-container gutters-row-lg-2 gutters-row-md-2 gutters-row-0 gutters-row-v-lg-2 gutters-row-v-md-2 gutters-row-v-2 style-689 style-local-1566-c3 position-relative\">\n        <!---->\n        <div class=\"h-row justify-content-lg-center justify-content-md-center justify-content-center align-items-lg-stretch align-items-md-stretch align-items-stretch gutters-col-lg-2 gutters-col-md-2 gutters-col-0 gutters-col-v-lg-2 gutters-col-v-md-2 gutters-col-v-2\">\n          <!---->\n          <div class=\"h-column h-column-container d-flex h-col-lg-auto h-col-md-auto h-col-auto style-690-outer style-local-1566-c4-outer\">\n            <div data-colibri-id=\"1566-c4\" class=\"d-flex h-flex-basis h-column__inner h-px-lg-2 h-px-md-2 h-px-2 v-inner-lg-2 v-inner-md-2 v-inner-2 style-690 style-local-1566-c4 position-relative\">\n              <!---->\n              <!---->\n              <div class=\"w-100 h-y-container h-column__content h-column__v-align flex-basis-100 align-self-lg-center align-self-md-center align-self-center\">\n                <!---->\n                <div data-colibri-id=\"1566-c5\" class=\"style-691 style-local-1566-c5 position-relative h-element\">\n                  <!---->\n                  <div>Uzm. Kl. Psk. Sedef Atik; Psikoloji Lisans\u0131n\u0131 tamamlad\u0131ktan sonra Y\u00fcksek Lisans program\u0131n\u0131 ba\u015far\u0131 ile bitirerek uzmanl\u0131\u011f\u0131n\u0131 alm\u0131\u015ft\u0131r. Alan\u0131nda pek \u00e7ok e\u011fitim ve sertifika program\u0131na kat\u0131l\u0131m sa\u011flam\u0131\u015f ve \u00e7al\u0131\u015ft\u0131\u011f\u0131 kliniklerde deneyim kazanm\u0131\u015ft\u0131r.\n                    Felsefe, sanat, edebiyat, sinema, e\u011fitim gibi k\u00fclt\u00fcrel konular ve toplumsal olaylar \u00fczerine Psikanalitik Yakla\u015f\u0131m temelli \u00e7e\u015fitli sempozyum, seminer ve at\u00f6lyelere katk\u0131da bulunmu\u015ftur. \u015eu an Kad\u0131k\u00f6y&#8217;deki ofisinde aktif olarak y\u00fcz y\u00fcze\n                    ve online seanslar\u0131na devam etmekte, Psikodinamik\/ Psikanalitik Y\u00f6nelimli Terapi uygulamaktad\u0131r.<\/div>\n                <\/div>\n              <\/div>\n            <\/div>\n          <\/div>\n        <\/div>\n      <\/div>\n    <\/div>\n  <\/div>\n<\/div>","protected":false},"excerpt":{"rendered":"<p>Uzm. Kl. Psk. Sedef Atik; Psikoloji Lisans\u0131n\u0131 tamamlad\u0131ktan sonra Y\u00fcksek Lisans program\u0131n\u0131 ba\u015far\u0131 ile bitirerek uzmanl\u0131\u011f\u0131n\u0131 alm\u0131\u015ft\u0131r. Alan\u0131nda pek \u00e7ok e\u011fitim ve sertifika program\u0131na kat\u0131l\u0131m sa\u011flam\u0131\u015f ve \u00e7al\u0131\u015ft\u0131\u011f\u0131 kliniklerde deneyim kazanm\u0131\u015ft\u0131r. Felsefe, sanat, edebiyat, sinema, e\u011fitim gibi k\u00fclt\u00fcrel konular ve toplumsal olaylar \u00fczerine Psikanalitik Yakla\u015f\u0131m temelli \u00e7e\u015fitli sempozyum, seminer ve at\u00f6lyelere katk\u0131da bulunmu\u015ftur. \u015eu an [&hellip;]<\/p>\n","protected":false},"author":1,"featured_media":0,"parent":0,"menu_order":0,"comment_status":"closed","ping_status":"closed","template":"page-templates\/full-width-page.php","meta":{"footnotes":""},"class_list":["post-1566","page","type-page","status-publish","hentry"],"_links":{"self":[{"href":"https:\/\/sedefatik.com\/index.php\/wp-json\/wp\/v2\/pages\/1566","targetHints":{"allow":["GET"]}}],"collection":[{"href":"https:\/\/sedefatik.com\/index.php\/wp-json\/wp\/v2\/pages"}],"about":[{"href":"https:\/\/sedefatik.com\/index.php\/wp-json\/wp\/v2\/types\/page"}],"author":[{"embeddable":true,"href":"https:\/\/sedefatik.com\/index.php\/wp-json\/wp\/v2\/users\/1"}],"replies":[{"embeddable":true,"href":"https:\/\/sedefatik.com\/index.php\/wp-json\/wp\/v2\/comments?post=1566"}],"version-history":[{"count":9,"href":"https:\/\/sedefatik.com\/index.php\/wp-json\/wp\/v2\/pages\/1566\/revisions"}],"predecessor-version":[{"id":1923,"href":"https:\/\/sedefatik.com\/index.php\/wp-json\/wp\/v2\/pages\/1566\/revisions\/1923"}],"wp:attachment":[{"href":"https:\/\/sedefatik.com\/index.php\/wp-json\/wp\/v2\/media?parent=1566"}],"curies":[{"name":"wp","href":"https:\/\/api.w.org\/{rel}","templated":true}]}}