{"id":2,"date":"2024-08-05T12:00:30","date_gmt":"2024-08-05T09:00:30","guid":{"rendered":"https:\/\/sedefatik.com\/?page_id=2"},"modified":"2025-07-21T07:47:20","modified_gmt":"2025-07-21T04:47:20","slug":"videolar","status":"publish","type":"page","link":"https:\/\/sedefatik.com\/index.php\/videolar\/","title":{"rendered":"Videolar"},"content":{"rendered":"<div data-colibri-id=\"2-c1\" class=\"style-644 style-local-2-c1 position-relative\">\n  <!---->\n  <div data-colibri-component=\"section\" data-colibri-id=\"2-c2\" id=\"initial-content\" class=\"h-section h-section-global-spacing d-flex align-items-lg-center align-items-md-center align-items-center style-645 style-local-2-c2 position-relative\">\n    <!---->\n    <!---->\n    <div class=\"h-section-grid-container h-section-boxed-container\">\n      <div data-colibri-id=\"2-c10\" class=\"h-row-container gutters-row-lg-2 gutters-row-md-2 gutters-row-0 gutters-row-v-lg-2 gutters-row-v-md-2 gutters-row-v-2 style-653 style-local-2-c10 position-relative\">\n        <!---->\n        <div class=\"h-row justify-content-lg-center justify-content-md-center justify-content-center align-items-lg-stretch align-items-md-stretch align-items-stretch gutters-col-lg-2 gutters-col-md-2 gutters-col-0 gutters-col-v-lg-2 gutters-col-v-md-2 gutters-col-v-2\">\n          <!---->\n          <div class=\"h-column h-column-container d-flex h-col-lg-auto h-col-md-auto h-col-auto style-654-outer style-local-2-c11-outer\">\n            <div data-colibri-id=\"2-c11\" class=\"d-flex h-flex-basis h-column__inner h-px-lg-2 h-px-md-2 h-px-2 v-inner-lg-2 v-inner-md-2 v-inner-2 style-654 style-local-2-c11 position-relative\">\n              <!---->\n              <!---->\n              <div class=\"w-100 h-y-container h-column__content h-column__v-align flex-basis-100 align-self-lg-start align-self-md-start align-self-start\">\n                <!---->\n                <div data-colibri-id=\"2-c12\" class=\"h-global-transition-all h-heading style-655 style-local-2-c12 position-relative h-element\">\n                  <!---->\n                  <div class=\"h-heading__outer style-655 style-local-2-c12\">\n                    <!---->\n                    <!---->\n                    <h2 class=\"\">Yay\u0131nlanm\u0131\u015f Videolar<\/h2>\n                  <\/div>\n                <\/div>\n              <\/div>\n            <\/div>\n          <\/div>\n        <\/div>\n      <\/div>\n      <div data-colibri-id=\"2-c3\" class=\"h-row-container gutters-row-lg-2 gutters-row-md-2 gutters-row-0 gutters-row-v-lg-2 gutters-row-v-md-2 gutters-row-v-2 style-646 style-local-2-c3 position-relative\">\n        <!---->\n        <div class=\"h-row justify-content-lg-center justify-content-md-center justify-content-center align-items-lg-stretch align-items-md-stretch align-items-stretch gutters-col-lg-2 gutters-col-md-2 gutters-col-0 gutters-col-v-lg-2 gutters-col-v-md-2 gutters-col-v-2\">\n          <!---->\n          <div class=\"h-column h-column-container d-flex h-col-lg-6 h-col-md-6 h-col-12 style-647-outer style-local-2-c4-outer\">\n            <div data-colibri-id=\"2-c4\" class=\"d-flex h-flex-basis h-column__inner h-px-lg-2 h-px-md-2 h-px-2 v-inner-lg-2 v-inner-md-2 v-inner-2 style-647 style-local-2-c4 position-relative\">\n              <!---->\n              <!---->\n              <div class=\"w-100 h-y-container h-column__content h-column__v-align flex-basis-100 align-self-lg-start align-self-md-start align-self-start\">\n                <!---->\n                <div data-colibri-id=\"2-c5\" class=\"h-x-container style-650 style-local-2-c5 position-relative h-element\">\n                  <!---->\n                  <div class=\"h-x-container-inner style-dynamic-2-c5-group style-650-spacing style-local-2-c5-spacing\"><span class=\"h-link__outer style-651-outer style-local-2-c6-outer d-inline-flex h-element\"><a h-use-smooth-scroll=\"true\" href=\"https:\/\/www.youtube.com\/watch?v=ldqCgfpvuwY\" target=\"_blank\" rel=\"nofollow\"  data-colibri-id=\"2-c6\" class=\"d-flex w-100 align-items-center h-link style-651 style-local-2-c6 position-relative\"><!----><span  class=\"h-svg-icon h-link__icon style-651-icon style-local-2-c6-icon\"><!--Icon by Font Awesome (https:\/\/fontawesome.com)-->\n    <svg version=\"1.1\" xmlns=\"http:\/\/www.w3.org\/2000\/svg\" xmlns:xlink=\"http:\/\/www.w3.org\/1999\/xlink\" id=\"youtube\" viewBox=\"0 0 1546.6178 1896.0833\">\n      <path d=\"M971 1244v211q0 67-39 67-23 0-45-22v-301q22-22 45-22 39 0 39 67zm338 1v46h-90v-46q0-68 45-68t45 68zm-966-218h107v-94H138v94h105v569h100v-569zm288 569h89v-494h-89v378q-30 42-57 42-18 0-21-21-1-3-1-35v-364h-89v391q0 49 8 73 12 37 58 37 48 0 102-61v54zm429-148v-197q0-73-9-99-17-56-71-56-50 0-93 54V933h-89v663h89v-48q45 55 93 55 54 0 71-55 9-27 9-100zm338-10v-13h-91q0 51-2 61-7 36-40 36-46 0-46-69v-87h179v-103q0-79-27-116-39-51-106-51-68 0-107 51-28 37-28 116v173q0 79 29 116 39 51 108 51 72 0 108-53 18-27 21-54 2-9 2-58zM790 525V315q0-69-43-69t-43 69v210q0 70 43 70t43-70zm719 751q0 234-26 350-14 59-58 99t-102 46q-184 21-555 21t-555-21q-58-6-102.5-46T53 1626q-26-112-26-350 0-234 26-350 14-59 58-99t103-47q183-20 554-20t555 20q58 7 102.5 47t57.5 99q26 112 26 350zM511 0h102L492 399v271H392V399q-14-74-61-212Q294 84 266 0h106l71 263zm370 333v175q0 81-28 118-38 51-106 51-67 0-105-51-28-38-28-118V333q0-80 28-117 38-51 105-51 68 0 106 51 28 37 28 117zm335-162v499h-91v-55q-53 62-103 62-46 0-59-37-8-24-8-75V171h91v367q0 33 1 35 3 22 21 22 27 0 57-43V171h91z\"><\/path>\n    <\/svg><\/span> <span>YouTube link &#8212; Tarih Edebiyat Sanat K\u00fct\u00fcphanesi (TESAK) &#8212; Sedef Atik&#8217;le Psikanalitik Ba\u011flamda Yorum ve Hakikat | \u0130skender \u00c7olak&#8217;la Bir Semptom Olarak A\u015fk<\/span><\/a>\n                    <\/span>\n                  <\/div>\n                <\/div>\n              <\/div>\n            <\/div>\n          <\/div>\n          <div class=\"h-column h-column-container d-flex h-col-lg-6 h-col-md-6 h-col-12 style-657-outer style-local-2-c7-outer\">\n            <div data-colibri-id=\"2-c7\" class=\"d-flex h-flex-basis h-column__inner h-px-lg-2 h-px-md-2 h-px-2 v-inner-lg-2 v-inner-md-2 v-inner-2 style-657 style-local-2-c7 position-relative\">\n              <!---->\n              <!---->\n              <div class=\"w-100 h-y-container h-column__content h-column__v-align flex-basis-100 align-self-lg-start align-self-md-start align-self-start\">\n                <!---->\n                <div data-colibri-id=\"2-c8\" class=\"h-x-container style-659 style-local-2-c8 position-relative h-element\">\n                  <!---->\n                  <div class=\"h-x-container-inner style-dynamic-2-c8-group style-659-spacing style-local-2-c8-spacing\"><span class=\"h-link__outer style-660-outer style-local-2-c9-outer d-inline-flex h-element\"><a h-use-smooth-scroll=\"true\" href=\"https:\/\/www.youtube.com\/watch?v=DBDLXZWv3MM\"  data-colibri-id=\"2-c9\" class=\"d-flex w-100 align-items-center h-link style-660 style-local-2-c9 position-relative\"><!----><span  class=\"h-svg-icon h-link__icon style-660-icon style-local-2-c9-icon\"><!--Icon by Font Awesome (https:\/\/fontawesome.com)-->\n    <svg version=\"1.1\" xmlns=\"http:\/\/www.w3.org\/2000\/svg\" xmlns:xlink=\"http:\/\/www.w3.org\/1999\/xlink\" id=\"youtube\" viewBox=\"0 0 1546.6178 1896.0833\">\n      <path d=\"M971 1244v211q0 67-39 67-23 0-45-22v-301q22-22 45-22 39 0 39 67zm338 1v46h-90v-46q0-68 45-68t45 68zm-966-218h107v-94H138v94h105v569h100v-569zm288 569h89v-494h-89v378q-30 42-57 42-18 0-21-21-1-3-1-35v-364h-89v391q0 49 8 73 12 37 58 37 48 0 102-61v54zm429-148v-197q0-73-9-99-17-56-71-56-50 0-93 54V933h-89v663h89v-48q45 55 93 55 54 0 71-55 9-27 9-100zm338-10v-13h-91q0 51-2 61-7 36-40 36-46 0-46-69v-87h179v-103q0-79-27-116-39-51-106-51-68 0-107 51-28 37-28 116v173q0 79 29 116 39 51 108 51 72 0 108-53 18-27 21-54 2-9 2-58zM790 525V315q0-69-43-69t-43 69v210q0 70 43 70t43-70zm719 751q0 234-26 350-14 59-58 99t-102 46q-184 21-555 21t-555-21q-58-6-102.5-46T53 1626q-26-112-26-350 0-234 26-350 14-59 58-99t103-47q183-20 554-20t555 20q58 7 102.5 47t57.5 99q26 112 26 350zM511 0h102L492 399v271H392V399q-14-74-61-212Q294 84 266 0h106l71 263zm370 333v175q0 81-28 118-38 51-106 51-67 0-105-51-28-38-28-118V333q0-80 28-117 38-51 105-51 68 0 106 51 28 37 28 117zm335-162v499h-91v-55q-53 62-103 62-46 0-59-37-8-24-8-75V171h91v367q0 33 1 35 3 22 21 22 27 0 57-43V171h91z\"><\/path>\n    <\/svg><\/span> <span>YouTube link &#8212; Tarih Edebiyat Sanat K\u00fct\u00fcphanesi (TESAK) &#8212; Sedef Atik | \u0130smet Do\u011fan | &#8220;Sanata Psikanalizle Bakmak ve Sanatta Psikanalitik \u00c7a\u011fr\u0131\u015f\u0131mlar&#8221;<\/span><\/a>\n                    <\/span>\n                  <\/div>\n                <\/div>\n              <\/div>\n            <\/div>\n          <\/div>\n        <\/div>\n      <\/div>\n    <\/div>\n  <\/div>\n<\/div>","protected":false},"excerpt":{"rendered":"<p>Yay\u0131nlanm\u0131\u015f Videolar YouTube link &#8212; Tarih Edebiyat Sanat K\u00fct\u00fcphanesi (TESAK) &#8212; Sedef Atik&#8217;le Psikanalitik Ba\u011flamda Yorum ve Hakikat | \u0130skender \u00c7olak&#8217;la Bir Semptom Olarak A\u015fk YouTube link &#8212; Tarih Edebiyat Sanat K\u00fct\u00fcphanesi (TESAK) &#8212; Sedef Atik | \u0130smet Do\u011fan | &#8220;Sanata Psikanalizle Bakmak ve Sanatta Psikanalitik \u00c7a\u011fr\u0131\u015f\u0131mlar&#8221;<\/p>\n","protected":false},"author":1,"featured_media":0,"parent":0,"menu_order":0,"comment_status":"closed","ping_status":"closed","template":"page-templates\/full-width-page.php","meta":{"footnotes":""},"class_list":["post-2","page","type-page","status-publish","hentry"],"_links":{"self":[{"href":"https:\/\/sedefatik.com\/index.php\/wp-json\/wp\/v2\/pages\/2","targetHints":{"allow":["GET"]}}],"collection":[{"href":"https:\/\/sedefatik.com\/index.php\/wp-json\/wp\/v2\/pages"}],"about":[{"href":"https:\/\/sedefatik.com\/index.php\/wp-json\/wp\/v2\/types\/page"}],"author":[{"embeddable":true,"href":"https:\/\/sedefatik.com\/index.php\/wp-json\/wp\/v2\/users\/1"}],"replies":[{"embeddable":true,"href":"https:\/\/sedefatik.com\/index.php\/wp-json\/wp\/v2\/comments?post=2"}],"version-history":[{"count":21,"href":"https:\/\/sedefatik.com\/index.php\/wp-json\/wp\/v2\/pages\/2\/revisions"}],"predecessor-version":[{"id":1944,"href":"https:\/\/sedefatik.com\/index.php\/wp-json\/wp\/v2\/pages\/2\/revisions\/1944"}],"wp:attachment":[{"href":"https:\/\/sedefatik.com\/index.php\/wp-json\/wp\/v2\/media?parent=2"}],"curies":[{"name":"wp","href":"https:\/\/api.w.org\/{rel}","templated":true}]}}